{"id":2,"date":"2023-05-18T17:18:34","date_gmt":"2023-05-18T17:18:34","guid":{"rendered":"https:\/\/linebet.team\/tr\/?page_id=2"},"modified":"2025-02-11T14:02:15","modified_gmt":"2025-02-11T14:02:15","slug":"sample-page","status":"publish","type":"page","link":"https:\/\/linebet.team\/tr\/","title":{"rendered":"Ana Sayfa"},"content":{"rendered":"","protected":false},"excerpt":{"rendered":"","protected":false},"author":1,"featured_media":0,"parent":0,"menu_order":0,"comment_status":"closed","ping_status":"open","template":"","meta":{"footnotes":""},"class_list":["post-2","page","type-page","status-publish","hentry"],"yoast_head":"<!-- This site is optimized with the Yoast SEO plugin v23.0 - https:\/\/yoast.com\/wordpress\/plugins\/seo\/ -->\n<title>Linebet T\u00fcrkiye \u1409 Spor Bahisleri ve Casino<\/title>\n<meta name=\"description\" content=\"LineBet ile bahis yap\u0131n - g\u00fcvenilir bahis\u00e7iniz \ud83d\uddf8 H\u0131zl\u0131 \u00f6demeler sa\u011fl\u0131yor ve rekabet\u00e7i oranlar sunuyoruz \ud83d\uddf8 Canl\u0131 ve \u00c7izgi Spor Bahisleri\" \/>\n<meta name=\"robots\" content=\"index, follow, max-snippet:-1, max-image-preview:large, max-video-preview:-1\" \/>\n<meta property=\"og:locale\" content=\"tr_TR\" \/>\n<meta property=\"og:type\" content=\"article\" \/>\n<meta property=\"og:title\" content=\"Linebet T\u00fcrkiye \u1409 Spor Bahisleri ve Casino\" \/>\n<meta property=\"og:description\" content=\"LineBet ile bahis yap\u0131n - g\u00fcvenilir bahis\u00e7iniz \ud83d\uddf8 H\u0131zl\u0131 \u00f6demeler sa\u011fl\u0131yor ve rekabet\u00e7i oranlar sunuyoruz \ud83d\uddf8 Canl\u0131 ve \u00c7izgi Spor Bahisleri\" \/>\n<meta property=\"og:url\" content=\"https:\/\/linebet.team\/tr\/\" \/>\n<meta property=\"og:site_name\" content=\"Linebet Team tr\" \/>\n<meta property=\"article:modified_time\" content=\"2025-02-11T14:02:15+00:00\" \/>\n<meta name=\"twitter:card\" content=\"summary_large_image\" \/>\n<script type=\"application\/ld+json\" class=\"yoast-schema-graph\">{\"@context\":\"https:\/\/schema.org\",\"@graph\":[{\"@type\":\"WebPage\",\"@id\":\"https:\/\/linebet.team\/tr\/\",\"url\":\"https:\/\/linebet.team\/tr\/\",\"name\":\"Linebet T\u00fcrkiye \u1409 Spor Bahisleri ve Casino\",\"isPartOf\":{\"@id\":\"https:\/\/linebet.team\/tr\/#website\"},\"datePublished\":\"2023-05-18T17:18:34+00:00\",\"dateModified\":\"2025-02-11T14:02:15+00:00\",\"description\":\"LineBet ile bahis yap\u0131n - g\u00fcvenilir bahis\u00e7iniz \ud83d\uddf8 H\u0131zl\u0131 \u00f6demeler sa\u011fl\u0131yor ve rekabet\u00e7i oranlar sunuyoruz \ud83d\uddf8 Canl\u0131 ve \u00c7izgi Spor Bahisleri\",\"breadcrumb\":{\"@id\":\"https:\/\/linebet.team\/tr\/#breadcrumb\"},\"inLanguage\":\"tr\",\"potentialAction\":[{\"@type\":\"ReadAction\",\"target\":[\"https:\/\/linebet.team\/tr\/\"]}]},{\"@type\":\"BreadcrumbList\",\"@id\":\"https:\/\/linebet.team\/tr\/#breadcrumb\",\"itemListElement\":[{\"@type\":\"ListItem\",\"position\":1,\"name\":\"Home\",\"item\":\"https:\/\/linebet.team\/tr\/\"},{\"@type\":\"ListItem\",\"position\":2,\"name\":\"Ana Sayfa\"}]},{\"@type\":\"WebSite\",\"@id\":\"https:\/\/linebet.team\/tr\/#website\",\"url\":\"https:\/\/linebet.team\/tr\/\",\"name\":\"Linebet Team tr\",\"description\":\"My WordPress Blog\",\"potentialAction\":[{\"@type\":\"SearchAction\",\"target\":{\"@type\":\"EntryPoint\",\"urlTemplate\":\"https:\/\/linebet.team\/tr\/?s={search_term_string}\"},\"query-input\":\"required name=search_term_string\"}],\"inLanguage\":\"tr\"}]}<\/script>\n<!-- \/ Yoast SEO plugin. -->","yoast_head_json":{"title":"Linebet T\u00fcrkiye \u1409 Spor Bahisleri ve Casino","description":"LineBet ile bahis yap\u0131n - g\u00fcvenilir bahis\u00e7iniz \ud83d\uddf8 H\u0131zl\u0131 \u00f6demeler sa\u011fl\u0131yor ve rekabet\u00e7i oranlar sunuyoruz \ud83d\uddf8 Canl\u0131 ve \u00c7izgi Spor Bahisleri","robots":{"index":"index","follow":"follow","max-snippet":"max-snippet:-1","max-image-preview":"max-image-preview:large","max-video-preview":"max-video-preview:-1"},"og_locale":"tr_TR","og_type":"article","og_title":"Linebet T\u00fcrkiye \u1409 Spor Bahisleri ve Casino","og_description":"LineBet ile bahis yap\u0131n - g\u00fcvenilir bahis\u00e7iniz \ud83d\uddf8 H\u0131zl\u0131 \u00f6demeler sa\u011fl\u0131yor ve rekabet\u00e7i oranlar sunuyoruz \ud83d\uddf8 Canl\u0131 ve \u00c7izgi Spor Bahisleri","og_url":"https:\/\/linebet.team\/tr\/","og_site_name":"Linebet Team tr","article_modified_time":"2025-02-11T14:02:15+00:00","twitter_card":"summary_large_image","schema":{"@context":"https:\/\/schema.org","@graph":[{"@type":"WebPage","@id":"https:\/\/linebet.team\/tr\/","url":"https:\/\/linebet.team\/tr\/","name":"Linebet T\u00fcrkiye \u1409 Spor Bahisleri ve Casino","isPartOf":{"@id":"https:\/\/linebet.team\/tr\/#website"},"datePublished":"2023-05-18T17:18:34+00:00","dateModified":"2025-02-11T14:02:15+00:00","description":"LineBet ile bahis yap\u0131n - g\u00fcvenilir bahis\u00e7iniz \ud83d\uddf8 H\u0131zl\u0131 \u00f6demeler sa\u011fl\u0131yor ve rekabet\u00e7i oranlar sunuyoruz \ud83d\uddf8 Canl\u0131 ve \u00c7izgi Spor Bahisleri","breadcrumb":{"@id":"https:\/\/linebet.team\/tr\/#breadcrumb"},"inLanguage":"tr","potentialAction":[{"@type":"ReadAction","target":["https:\/\/linebet.team\/tr\/"]}]},{"@type":"BreadcrumbList","@id":"https:\/\/linebet.team\/tr\/#breadcrumb","itemListElement":[{"@type":"ListItem","position":1,"name":"Home","item":"https:\/\/linebet.team\/tr\/"},{"@type":"ListItem","position":2,"name":"Ana Sayfa"}]},{"@type":"WebSite","@id":"https:\/\/linebet.team\/tr\/#website","url":"https:\/\/linebet.team\/tr\/","name":"Linebet Team tr","description":"My WordPress Blog","potentialAction":[{"@type":"SearchAction","target":{"@type":"EntryPoint","urlTemplate":"https:\/\/linebet.team\/tr\/?s={search_term_string}"},"query-input":"required name=search_term_string"}],"inLanguage":"tr"}]}},"_links":{"self":[{"href":"https:\/\/linebet.team\/tr\/wp-json\/wp\/v2\/pages\/2","targetHints":{"allow":["GET"]}}],"collection":[{"href":"https:\/\/linebet.team\/tr\/wp-json\/wp\/v2\/pages"}],"about":[{"href":"https:\/\/linebet.team\/tr\/wp-json\/wp\/v2\/types\/page"}],"author":[{"embeddable":true,"href":"https:\/\/linebet.team\/tr\/wp-json\/wp\/v2\/users\/1"}],"replies":[{"embeddable":true,"href":"https:\/\/linebet.team\/tr\/wp-json\/wp\/v2\/comments?post=2"}],"version-history":[{"count":41,"href":"https:\/\/linebet.team\/tr\/wp-json\/wp\/v2\/pages\/2\/revisions"}],"predecessor-version":[{"id":237,"href":"https:\/\/linebet.team\/tr\/wp-json\/wp\/v2\/pages\/2\/revisions\/237"}],"wp:attachment":[{"href":"https:\/\/linebet.team\/tr\/wp-json\/wp\/v2\/media?parent=2"}],"curies":[{"name":"wp","href":"https:\/\/api.w.org\/{rel}","templated":true}]}}